{"id":6654,"date":"2025-07-24T10:27:54","date_gmt":"2025-07-24T09:27:54","guid":{"rendered":"https:\/\/www.defbelgium.be\/?page_id=6654"},"modified":"2025-10-22T14:15:29","modified_gmt":"2025-10-22T13:15:29","slug":"loopbaan","status":"publish","type":"page","link":"https:\/\/www.defbelgium.be\/nl\/loopbaan\/","title":{"rendered":"Loopbaan"},"content":{"rendered":"<p><iframe loading=\"lazy\" src=\"https:\/\/www.genius-people.com\/iframe\/VjBRc2l5Tms1c3hUVGFjOS9JRVYwdz09\/?lgref=nl_NL&amp;ilg=nl_NL\" width=\"100%\" height=\"700\" frameborder=\"0\" data-mce-fragment=\"1\"><span data-mce-type=\"bookmark\" style=\"display: inline-block; width: 0px; overflow: hidden; line-height: 0;\" class=\"mce_SELRES_start\"><\/span><\/iframe><br \/>\n<script type=\"text\/javascript\" src=\"https:\/\/www.genius-people.com\/scripts\/iframe\/iframeResizer.min.js\"><\/script><\/p>\n","protected":false},"excerpt":{"rendered":"","protected":false},"author":14,"featured_media":0,"parent":0,"menu_order":0,"comment_status":"closed","ping_status":"closed","template":"","meta":{"sfsi_plus_gutenberg_text_before_share":"","sfsi_plus_gutenberg_show_text_before_share":"","sfsi_plus_gutenberg_icon_type":"","sfsi_plus_gutenberg_icon_alignemt":"","sfsi_plus_gutenburg_max_per_row":"","footnotes":""},"class_list":["post-6654","page","type-page","status-publish","hentry"],"yoast_head":"<!-- This site is optimized with the Yoast SEO plugin v25.4 - https:\/\/yoast.com\/wordpress\/plugins\/seo\/ -->\n<title>Loopbaan - DEF Belgium<\/title>\n<meta name=\"robots\" content=\"index, follow, max-snippet:-1, max-image-preview:large, max-video-preview:-1\" \/>\n<link rel=\"canonical\" href=\"https:\/\/www.defbelgium.be\/nl\/loopbaan\/\" \/>\n<meta property=\"og:locale\" content=\"nl_NL\" \/>\n<meta property=\"og:type\" content=\"article\" \/>\n<meta property=\"og:title\" content=\"Loopbaan - DEF Belgium\" \/>\n<meta property=\"og:url\" content=\"https:\/\/www.defbelgium.be\/nl\/loopbaan\/\" \/>\n<meta property=\"og:site_name\" content=\"DEF Belgium\" \/>\n<meta property=\"article:modified_time\" content=\"2025-10-22T13:15:29+00:00\" \/>\n<meta name=\"twitter:card\" content=\"summary_large_image\" \/>\n<script type=\"application\/ld+json\" class=\"yoast-schema-graph\">{\"@context\":\"https:\/\/schema.org\",\"@graph\":[{\"@type\":\"WebPage\",\"@id\":\"https:\/\/www.defbelgium.be\/nl\/loopbaan\/\",\"url\":\"https:\/\/www.defbelgium.be\/nl\/loopbaan\/\",\"name\":\"Loopbaan - DEF Belgium\",\"isPartOf\":{\"@id\":\"https:\/\/www.defbelgium.be\/#website\"},\"datePublished\":\"2025-07-24T09:27:54+00:00\",\"dateModified\":\"2025-10-22T13:15:29+00:00\",\"breadcrumb\":{\"@id\":\"https:\/\/www.defbelgium.be\/nl\/loopbaan\/#breadcrumb\"},\"inLanguage\":\"nl-NL\",\"potentialAction\":[{\"@type\":\"ReadAction\",\"target\":[\"https:\/\/www.defbelgium.be\/nl\/loopbaan\/\"]}]},{\"@type\":\"BreadcrumbList\",\"@id\":\"https:\/\/www.defbelgium.be\/nl\/loopbaan\/#breadcrumb\",\"itemListElement\":[{\"@type\":\"ListItem\",\"position\":1,\"name\":\"Home\",\"item\":\"https:\/\/www.defbelgium.be\/\"},{\"@type\":\"ListItem\",\"position\":2,\"name\":\"Loopbaan\"}]},{\"@type\":\"WebSite\",\"@id\":\"https:\/\/www.defbelgium.be\/#website\",\"url\":\"https:\/\/www.defbelgium.be\/\",\"name\":\"DEF Belgium\",\"description\":\"Solutions et services pour Syst\u00e8mes de S\u00e9curit\u00e9\",\"potentialAction\":[{\"@type\":\"SearchAction\",\"target\":{\"@type\":\"EntryPoint\",\"urlTemplate\":\"https:\/\/www.defbelgium.be\/?s={search_term_string}\"},\"query-input\":{\"@type\":\"PropertyValueSpecification\",\"valueRequired\":true,\"valueName\":\"search_term_string\"}}],\"inLanguage\":\"nl-NL\"}]}<\/script>\n<!-- \/ Yoast SEO plugin. -->","yoast_head_json":{"title":"Loopbaan - DEF Belgium","robots":{"index":"index","follow":"follow","max-snippet":"max-snippet:-1","max-image-preview":"max-image-preview:large","max-video-preview":"max-video-preview:-1"},"canonical":"https:\/\/www.defbelgium.be\/nl\/loopbaan\/","og_locale":"nl_NL","og_type":"article","og_title":"Loopbaan - DEF Belgium","og_url":"https:\/\/www.defbelgium.be\/nl\/loopbaan\/","og_site_name":"DEF Belgium","article_modified_time":"2025-10-22T13:15:29+00:00","twitter_card":"summary_large_image","schema":{"@context":"https:\/\/schema.org","@graph":[{"@type":"WebPage","@id":"https:\/\/www.defbelgium.be\/nl\/loopbaan\/","url":"https:\/\/www.defbelgium.be\/nl\/loopbaan\/","name":"Loopbaan - DEF Belgium","isPartOf":{"@id":"https:\/\/www.defbelgium.be\/#website"},"datePublished":"2025-07-24T09:27:54+00:00","dateModified":"2025-10-22T13:15:29+00:00","breadcrumb":{"@id":"https:\/\/www.defbelgium.be\/nl\/loopbaan\/#breadcrumb"},"inLanguage":"nl-NL","potentialAction":[{"@type":"ReadAction","target":["https:\/\/www.defbelgium.be\/nl\/loopbaan\/"]}]},{"@type":"BreadcrumbList","@id":"https:\/\/www.defbelgium.be\/nl\/loopbaan\/#breadcrumb","itemListElement":[{"@type":"ListItem","position":1,"name":"Home","item":"https:\/\/www.defbelgium.be\/"},{"@type":"ListItem","position":2,"name":"Loopbaan"}]},{"@type":"WebSite","@id":"https:\/\/www.defbelgium.be\/#website","url":"https:\/\/www.defbelgium.be\/","name":"DEF Belgium","description":"Solutions et services pour Syst\u00e8mes de S\u00e9curit\u00e9","potentialAction":[{"@type":"SearchAction","target":{"@type":"EntryPoint","urlTemplate":"https:\/\/www.defbelgium.be\/?s={search_term_string}"},"query-input":{"@type":"PropertyValueSpecification","valueRequired":true,"valueName":"search_term_string"}}],"inLanguage":"nl-NL"}]}},"_links":{"self":[{"href":"https:\/\/www.defbelgium.be\/nl\/wp-json\/wp\/v2\/pages\/6654","targetHints":{"allow":["GET"]}}],"collection":[{"href":"https:\/\/www.defbelgium.be\/nl\/wp-json\/wp\/v2\/pages"}],"about":[{"href":"https:\/\/www.defbelgium.be\/nl\/wp-json\/wp\/v2\/types\/page"}],"author":[{"embeddable":true,"href":"https:\/\/www.defbelgium.be\/nl\/wp-json\/wp\/v2\/users\/14"}],"replies":[{"embeddable":true,"href":"https:\/\/www.defbelgium.be\/nl\/wp-json\/wp\/v2\/comments?post=6654"}],"version-history":[{"count":5,"href":"https:\/\/www.defbelgium.be\/nl\/wp-json\/wp\/v2\/pages\/6654\/revisions"}],"predecessor-version":[{"id":6699,"href":"https:\/\/www.defbelgium.be\/nl\/wp-json\/wp\/v2\/pages\/6654\/revisions\/6699"}],"wp:attachment":[{"href":"https:\/\/www.defbelgium.be\/nl\/wp-json\/wp\/v2\/media?parent=6654"}],"curies":[{"name":"wp","href":"https:\/\/api.w.org\/{rel}","templated":true}]}}