{"id":6448,"date":"2024-05-13T09:56:58","date_gmt":"2024-05-13T08:56:58","guid":{"rendered":"https:\/\/www.defbelgium.be\/?page_id=6448"},"modified":"2024-05-13T10:01:48","modified_gmt":"2024-05-13T09:01:48","slug":"onderzoek","status":"publish","type":"page","link":"https:\/\/www.defbelgium.be\/nl\/onderzoek\/","title":{"rendered":"Onderzoek"},"content":{"rendered":"<p><iframe loading=\"lazy\" width=\"100%\" height=\"600px\" src=\"https:\/\/forms.office.com\/Pages\/ResponsePage.aspx?id=0XtYBwk6cUmloDcOMoiIEp0prEhs-VVOmqYGTo8GHYVUMEFUUlZMMTVPNzBXNTZKQzczNEpPS0k4MS4u&#038;embed=true\" frameborder=\"0\" marginwidth=\"0\" marginheight=\"0\" style=\"border: none; max-width:100%; max-height:100vh\" allowfullscreen webkitallowfullscreen mozallowfullscreen msallowfullscreen> <\/iframe><\/p>\n","protected":false},"excerpt":{"rendered":"","protected":false},"author":4,"featured_media":0,"parent":0,"menu_order":0,"comment_status":"closed","ping_status":"closed","template":"","meta":{"sfsi_plus_gutenberg_text_before_share":"","sfsi_plus_gutenberg_show_text_before_share":"","sfsi_plus_gutenberg_icon_type":"","sfsi_plus_gutenberg_icon_alignemt":"","sfsi_plus_gutenburg_max_per_row":"","footnotes":""},"class_list":["post-6448","page","type-page","status-publish","hentry"],"yoast_head":"<!-- This site is optimized with the Yoast SEO plugin v25.4 - https:\/\/yoast.com\/wordpress\/plugins\/seo\/ -->\n<title>Onderzoek - DEF Belgium<\/title>\n<meta name=\"robots\" content=\"index, follow, max-snippet:-1, max-image-preview:large, max-video-preview:-1\" \/>\n<link rel=\"canonical\" href=\"https:\/\/www.defbelgium.be\/nl\/onderzoek\/\" \/>\n<meta property=\"og:locale\" content=\"nl_NL\" \/>\n<meta property=\"og:type\" content=\"article\" \/>\n<meta property=\"og:title\" content=\"Onderzoek - DEF Belgium\" \/>\n<meta property=\"og:url\" content=\"https:\/\/www.defbelgium.be\/nl\/onderzoek\/\" \/>\n<meta property=\"og:site_name\" content=\"DEF Belgium\" \/>\n<meta property=\"article:modified_time\" content=\"2024-05-13T09:01:48+00:00\" \/>\n<meta name=\"twitter:card\" content=\"summary_large_image\" \/>\n<script type=\"application\/ld+json\" class=\"yoast-schema-graph\">{\"@context\":\"https:\/\/schema.org\",\"@graph\":[{\"@type\":\"WebPage\",\"@id\":\"https:\/\/www.defbelgium.be\/nl\/onderzoek\/\",\"url\":\"https:\/\/www.defbelgium.be\/nl\/onderzoek\/\",\"name\":\"Onderzoek - DEF Belgium\",\"isPartOf\":{\"@id\":\"https:\/\/www.defbelgium.be\/#website\"},\"datePublished\":\"2024-05-13T08:56:58+00:00\",\"dateModified\":\"2024-05-13T09:01:48+00:00\",\"breadcrumb\":{\"@id\":\"https:\/\/www.defbelgium.be\/nl\/onderzoek\/#breadcrumb\"},\"inLanguage\":\"nl-NL\",\"potentialAction\":[{\"@type\":\"ReadAction\",\"target\":[\"https:\/\/www.defbelgium.be\/nl\/onderzoek\/\"]}]},{\"@type\":\"BreadcrumbList\",\"@id\":\"https:\/\/www.defbelgium.be\/nl\/onderzoek\/#breadcrumb\",\"itemListElement\":[{\"@type\":\"ListItem\",\"position\":1,\"name\":\"Home\",\"item\":\"https:\/\/www.defbelgium.be\/\"},{\"@type\":\"ListItem\",\"position\":2,\"name\":\"Onderzoek\"}]},{\"@type\":\"WebSite\",\"@id\":\"https:\/\/www.defbelgium.be\/#website\",\"url\":\"https:\/\/www.defbelgium.be\/\",\"name\":\"DEF Belgium\",\"description\":\"Solutions et services pour Syst\u00e8mes de S\u00e9curit\u00e9\",\"potentialAction\":[{\"@type\":\"SearchAction\",\"target\":{\"@type\":\"EntryPoint\",\"urlTemplate\":\"https:\/\/www.defbelgium.be\/?s={search_term_string}\"},\"query-input\":{\"@type\":\"PropertyValueSpecification\",\"valueRequired\":true,\"valueName\":\"search_term_string\"}}],\"inLanguage\":\"nl-NL\"}]}<\/script>\n<!-- \/ Yoast SEO plugin. -->","yoast_head_json":{"title":"Onderzoek - DEF Belgium","robots":{"index":"index","follow":"follow","max-snippet":"max-snippet:-1","max-image-preview":"max-image-preview:large","max-video-preview":"max-video-preview:-1"},"canonical":"https:\/\/www.defbelgium.be\/nl\/onderzoek\/","og_locale":"nl_NL","og_type":"article","og_title":"Onderzoek - DEF Belgium","og_url":"https:\/\/www.defbelgium.be\/nl\/onderzoek\/","og_site_name":"DEF Belgium","article_modified_time":"2024-05-13T09:01:48+00:00","twitter_card":"summary_large_image","schema":{"@context":"https:\/\/schema.org","@graph":[{"@type":"WebPage","@id":"https:\/\/www.defbelgium.be\/nl\/onderzoek\/","url":"https:\/\/www.defbelgium.be\/nl\/onderzoek\/","name":"Onderzoek - DEF Belgium","isPartOf":{"@id":"https:\/\/www.defbelgium.be\/#website"},"datePublished":"2024-05-13T08:56:58+00:00","dateModified":"2024-05-13T09:01:48+00:00","breadcrumb":{"@id":"https:\/\/www.defbelgium.be\/nl\/onderzoek\/#breadcrumb"},"inLanguage":"nl-NL","potentialAction":[{"@type":"ReadAction","target":["https:\/\/www.defbelgium.be\/nl\/onderzoek\/"]}]},{"@type":"BreadcrumbList","@id":"https:\/\/www.defbelgium.be\/nl\/onderzoek\/#breadcrumb","itemListElement":[{"@type":"ListItem","position":1,"name":"Home","item":"https:\/\/www.defbelgium.be\/"},{"@type":"ListItem","position":2,"name":"Onderzoek"}]},{"@type":"WebSite","@id":"https:\/\/www.defbelgium.be\/#website","url":"https:\/\/www.defbelgium.be\/","name":"DEF Belgium","description":"Solutions et services pour Syst\u00e8mes de S\u00e9curit\u00e9","potentialAction":[{"@type":"SearchAction","target":{"@type":"EntryPoint","urlTemplate":"https:\/\/www.defbelgium.be\/?s={search_term_string}"},"query-input":{"@type":"PropertyValueSpecification","valueRequired":true,"valueName":"search_term_string"}}],"inLanguage":"nl-NL"}]}},"_links":{"self":[{"href":"https:\/\/www.defbelgium.be\/nl\/wp-json\/wp\/v2\/pages\/6448","targetHints":{"allow":["GET"]}}],"collection":[{"href":"https:\/\/www.defbelgium.be\/nl\/wp-json\/wp\/v2\/pages"}],"about":[{"href":"https:\/\/www.defbelgium.be\/nl\/wp-json\/wp\/v2\/types\/page"}],"author":[{"embeddable":true,"href":"https:\/\/www.defbelgium.be\/nl\/wp-json\/wp\/v2\/users\/4"}],"replies":[{"embeddable":true,"href":"https:\/\/www.defbelgium.be\/nl\/wp-json\/wp\/v2\/comments?post=6448"}],"version-history":[{"count":1,"href":"https:\/\/www.defbelgium.be\/nl\/wp-json\/wp\/v2\/pages\/6448\/revisions"}],"predecessor-version":[{"id":6449,"href":"https:\/\/www.defbelgium.be\/nl\/wp-json\/wp\/v2\/pages\/6448\/revisions\/6449"}],"wp:attachment":[{"href":"https:\/\/www.defbelgium.be\/nl\/wp-json\/wp\/v2\/media?parent=6448"}],"curies":[{"name":"wp","href":"https:\/\/api.w.org\/{rel}","templated":true}]}}