{"id":4665,"date":"2020-03-06T16:58:27","date_gmt":"2020-03-06T15:58:27","guid":{"rendered":"https:\/\/defbelgium.be\/?page_id=4665"},"modified":"2020-03-06T16:58:27","modified_gmt":"2020-03-06T15:58:27","slug":"documentation","status":"publish","type":"page","link":"https:\/\/www.defbelgium.be\/nl\/documentation\/","title":{"rendered":"Documentation"},"content":{"rendered":"<div class=\"_3d-flip-book  fb3d-fullscreen-mode full-size\" data-id=\"2751\" data-mode=\"fullscreen\" data-title=\"false\" data-template=\"short-white-book-view\" data-lightbox=\"dark-shadow\" data-urlparam=\"fb3d-page\" data-page-n=\"0\" data-pdf=\"\" data-tax=\"null\" data-thumbnail=\"\" data-cols=\"3\" data-book-template=\"default\" data-trigger=\"\"><\/div><script type=\"text\/javascript\">window.FB3D_CLIENT_DATA = window.FB3D_CLIENT_DATA || [];FB3D_CLIENT_DATA.push('eyJwb3N0cyI6W10sInBhZ2VzIjpbXSwiZmlyc3RQYWdlcyI6W119');window.FB3D_CLIENT_LOCALE && FB3D_CLIENT_LOCALE.render && FB3D_CLIENT_LOCALE.render();<\/script>\n","protected":false},"excerpt":{"rendered":"","protected":false},"author":4,"featured_media":0,"parent":0,"menu_order":0,"comment_status":"closed","ping_status":"closed","template":"page-documents.php","meta":{"sfsi_plus_gutenberg_text_before_share":"","sfsi_plus_gutenberg_show_text_before_share":"","sfsi_plus_gutenberg_icon_type":"","sfsi_plus_gutenberg_icon_alignemt":"","sfsi_plus_gutenburg_max_per_row":"","footnotes":""},"class_list":["post-4665","page","type-page","status-publish","hentry"],"yoast_head":"<!-- This site is optimized with the Yoast SEO plugin v25.4 - https:\/\/yoast.com\/wordpress\/plugins\/seo\/ -->\n<title>Documentation - DEF Belgium<\/title>\n<meta name=\"robots\" content=\"index, follow, max-snippet:-1, max-image-preview:large, max-video-preview:-1\" \/>\n<link rel=\"canonical\" href=\"https:\/\/www.defbelgium.be\/nl\/documentation\/\" \/>\n<meta property=\"og:locale\" content=\"nl_NL\" \/>\n<meta property=\"og:type\" content=\"article\" \/>\n<meta property=\"og:title\" content=\"Documentation - DEF Belgium\" \/>\n<meta property=\"og:url\" content=\"https:\/\/www.defbelgium.be\/nl\/documentation\/\" \/>\n<meta property=\"og:site_name\" content=\"DEF Belgium\" \/>\n<meta name=\"twitter:card\" content=\"summary_large_image\" \/>\n<script type=\"application\/ld+json\" class=\"yoast-schema-graph\">{\"@context\":\"https:\/\/schema.org\",\"@graph\":[{\"@type\":\"WebPage\",\"@id\":\"https:\/\/www.defbelgium.be\/nl\/documentation\/\",\"url\":\"https:\/\/www.defbelgium.be\/nl\/documentation\/\",\"name\":\"Documentation - DEF Belgium\",\"isPartOf\":{\"@id\":\"https:\/\/www.defbelgium.be\/#website\"},\"datePublished\":\"2020-03-06T15:58:27+00:00\",\"breadcrumb\":{\"@id\":\"https:\/\/www.defbelgium.be\/nl\/documentation\/#breadcrumb\"},\"inLanguage\":\"nl-NL\",\"potentialAction\":[{\"@type\":\"ReadAction\",\"target\":[\"https:\/\/www.defbelgium.be\/nl\/documentation\/\"]}]},{\"@type\":\"BreadcrumbList\",\"@id\":\"https:\/\/www.defbelgium.be\/nl\/documentation\/#breadcrumb\",\"itemListElement\":[{\"@type\":\"ListItem\",\"position\":1,\"name\":\"Home\",\"item\":\"https:\/\/www.defbelgium.be\/\"},{\"@type\":\"ListItem\",\"position\":2,\"name\":\"Documentation\"}]},{\"@type\":\"WebSite\",\"@id\":\"https:\/\/www.defbelgium.be\/#website\",\"url\":\"https:\/\/www.defbelgium.be\/\",\"name\":\"DEF Belgium\",\"description\":\"Solutions et services pour Syst\u00e8mes de S\u00e9curit\u00e9\",\"potentialAction\":[{\"@type\":\"SearchAction\",\"target\":{\"@type\":\"EntryPoint\",\"urlTemplate\":\"https:\/\/www.defbelgium.be\/?s={search_term_string}\"},\"query-input\":{\"@type\":\"PropertyValueSpecification\",\"valueRequired\":true,\"valueName\":\"search_term_string\"}}],\"inLanguage\":\"nl-NL\"}]}<\/script>\n<!-- \/ Yoast SEO plugin. -->","yoast_head_json":{"title":"Documentation - DEF Belgium","robots":{"index":"index","follow":"follow","max-snippet":"max-snippet:-1","max-image-preview":"max-image-preview:large","max-video-preview":"max-video-preview:-1"},"canonical":"https:\/\/www.defbelgium.be\/nl\/documentation\/","og_locale":"nl_NL","og_type":"article","og_title":"Documentation - DEF Belgium","og_url":"https:\/\/www.defbelgium.be\/nl\/documentation\/","og_site_name":"DEF Belgium","twitter_card":"summary_large_image","schema":{"@context":"https:\/\/schema.org","@graph":[{"@type":"WebPage","@id":"https:\/\/www.defbelgium.be\/nl\/documentation\/","url":"https:\/\/www.defbelgium.be\/nl\/documentation\/","name":"Documentation - DEF Belgium","isPartOf":{"@id":"https:\/\/www.defbelgium.be\/#website"},"datePublished":"2020-03-06T15:58:27+00:00","breadcrumb":{"@id":"https:\/\/www.defbelgium.be\/nl\/documentation\/#breadcrumb"},"inLanguage":"nl-NL","potentialAction":[{"@type":"ReadAction","target":["https:\/\/www.defbelgium.be\/nl\/documentation\/"]}]},{"@type":"BreadcrumbList","@id":"https:\/\/www.defbelgium.be\/nl\/documentation\/#breadcrumb","itemListElement":[{"@type":"ListItem","position":1,"name":"Home","item":"https:\/\/www.defbelgium.be\/"},{"@type":"ListItem","position":2,"name":"Documentation"}]},{"@type":"WebSite","@id":"https:\/\/www.defbelgium.be\/#website","url":"https:\/\/www.defbelgium.be\/","name":"DEF Belgium","description":"Solutions et services pour Syst\u00e8mes de S\u00e9curit\u00e9","potentialAction":[{"@type":"SearchAction","target":{"@type":"EntryPoint","urlTemplate":"https:\/\/www.defbelgium.be\/?s={search_term_string}"},"query-input":{"@type":"PropertyValueSpecification","valueRequired":true,"valueName":"search_term_string"}}],"inLanguage":"nl-NL"}]}},"_links":{"self":[{"href":"https:\/\/www.defbelgium.be\/nl\/wp-json\/wp\/v2\/pages\/4665","targetHints":{"allow":["GET"]}}],"collection":[{"href":"https:\/\/www.defbelgium.be\/nl\/wp-json\/wp\/v2\/pages"}],"about":[{"href":"https:\/\/www.defbelgium.be\/nl\/wp-json\/wp\/v2\/types\/page"}],"author":[{"embeddable":true,"href":"https:\/\/www.defbelgium.be\/nl\/wp-json\/wp\/v2\/users\/4"}],"replies":[{"embeddable":true,"href":"https:\/\/www.defbelgium.be\/nl\/wp-json\/wp\/v2\/comments?post=4665"}],"version-history":[{"count":1,"href":"https:\/\/www.defbelgium.be\/nl\/wp-json\/wp\/v2\/pages\/4665\/revisions"}],"predecessor-version":[{"id":4666,"href":"https:\/\/www.defbelgium.be\/nl\/wp-json\/wp\/v2\/pages\/4665\/revisions\/4666"}],"wp:attachment":[{"href":"https:\/\/www.defbelgium.be\/nl\/wp-json\/wp\/v2\/media?parent=4665"}],"curies":[{"name":"wp","href":"https:\/\/api.w.org\/{rel}","templated":true}]}}