{"id":4569,"date":"2020-02-27T09:26:58","date_gmt":"2020-02-27T08:26:58","guid":{"rendered":"https:\/\/defbelgium.be\/?page_id=4569"},"modified":"2021-03-22T09:12:12","modified_gmt":"2021-03-22T08:12:12","slug":"contact-def","status":"publish","type":"page","link":"https:\/\/www.defbelgium.be\/nl\/contact-def\/","title":{"rendered":"CONTACT"},"content":{"rendered":"<p><em>Of u nu een verkoop of project gerelateerde vraag heeft, interventie nodig heeft of een algemene vraag. Ons team staat klaar om al uw vragen te beantwoorden.<\/em><\/p>\n<p><em>Selecteer hieronder een onderwerp met betrekking tot uw vraag en vul ons contactformulier in. We nemen zo snel mogelijk contact met u op.<\/em><\/p>\n","protected":false},"excerpt":{"rendered":"<p>Of u nu een verkoop of project gerelateerde vraag heeft, interventie nodig heeft of een algemene vraag. Ons team staat klaar om al uw vragen te beantwoorden. Selecteer hieronder een onderwerp met betrekking tot uw vraag en vul ons contactformulier in. We nemen zo snel mogelijk contact met u op.<\/p>\n","protected":false},"author":4,"featured_media":0,"parent":0,"menu_order":0,"comment_status":"closed","ping_status":"closed","template":"page-contact.php","meta":{"sfsi_plus_gutenberg_text_before_share":"","sfsi_plus_gutenberg_show_text_before_share":"","sfsi_plus_gutenberg_icon_type":"","sfsi_plus_gutenberg_icon_alignemt":"","sfsi_plus_gutenburg_max_per_row":"","footnotes":""},"class_list":["post-4569","page","type-page","status-publish","hentry"],"yoast_head":"<!-- This site is optimized with the Yoast SEO plugin v27.6 - https:\/\/yoast.com\/product\/yoast-seo-wordpress\/ -->\n<title>CONTACT - DEF Belgium<\/title>\n<meta name=\"robots\" content=\"index, follow, max-snippet:-1, max-image-preview:large, max-video-preview:-1\" \/>\n<link rel=\"canonical\" href=\"https:\/\/www.defbelgium.be\/nl\/contact-def\/\" \/>\n<meta property=\"og:locale\" content=\"nl_NL\" \/>\n<meta property=\"og:type\" content=\"article\" \/>\n<meta property=\"og:title\" content=\"CONTACT - DEF Belgium\" \/>\n<meta property=\"og:description\" content=\"Of u nu een verkoop of project gerelateerde vraag heeft, interventie nodig heeft of een algemene vraag. Ons team staat klaar om al uw vragen te beantwoorden. Selecteer hieronder een onderwerp met betrekking tot uw vraag en vul ons contactformulier in. We nemen zo snel mogelijk contact met u op.\" \/>\n<meta property=\"og:url\" content=\"https:\/\/www.defbelgium.be\/nl\/contact-def\/\" \/>\n<meta property=\"og:site_name\" content=\"DEF Belgium\" \/>\n<meta property=\"article:modified_time\" content=\"2021-03-22T08:12:12+00:00\" \/>\n<meta name=\"twitter:card\" content=\"summary_large_image\" \/>\n<script type=\"application\/ld+json\" class=\"yoast-schema-graph\">{\"@context\":\"https:\\\/\\\/schema.org\",\"@graph\":[{\"@type\":\"WebPage\",\"@id\":\"https:\\\/\\\/www.defbelgium.be\\\/nl\\\/contact-def\\\/\",\"url\":\"https:\\\/\\\/www.defbelgium.be\\\/nl\\\/contact-def\\\/\",\"name\":\"CONTACT - DEF Belgium\",\"isPartOf\":{\"@id\":\"https:\\\/\\\/www.defbelgium.be\\\/#website\"},\"datePublished\":\"2020-02-27T08:26:58+00:00\",\"dateModified\":\"2021-03-22T08:12:12+00:00\",\"breadcrumb\":{\"@id\":\"https:\\\/\\\/www.defbelgium.be\\\/nl\\\/contact-def\\\/#breadcrumb\"},\"inLanguage\":\"nl-NL\",\"potentialAction\":[{\"@type\":\"ReadAction\",\"target\":[\"https:\\\/\\\/www.defbelgium.be\\\/nl\\\/contact-def\\\/\"]}]},{\"@type\":\"BreadcrumbList\",\"@id\":\"https:\\\/\\\/www.defbelgium.be\\\/nl\\\/contact-def\\\/#breadcrumb\",\"itemListElement\":[{\"@type\":\"ListItem\",\"position\":1,\"name\":\"Home\",\"item\":\"https:\\\/\\\/www.defbelgium.be\\\/\"},{\"@type\":\"ListItem\",\"position\":2,\"name\":\"CONTACT\"}]},{\"@type\":\"WebSite\",\"@id\":\"https:\\\/\\\/www.defbelgium.be\\\/#website\",\"url\":\"https:\\\/\\\/www.defbelgium.be\\\/\",\"name\":\"DEF Belgium\",\"description\":\"Solutions et services pour Syst\u00e8mes de S\u00e9curit\u00e9\",\"potentialAction\":[{\"@type\":\"SearchAction\",\"target\":{\"@type\":\"EntryPoint\",\"urlTemplate\":\"https:\\\/\\\/www.defbelgium.be\\\/?s={search_term_string}\"},\"query-input\":{\"@type\":\"PropertyValueSpecification\",\"valueRequired\":true,\"valueName\":\"search_term_string\"}}],\"inLanguage\":\"nl-NL\"}]}<\/script>\n<!-- \/ Yoast SEO plugin. -->","yoast_head_json":{"title":"CONTACT - DEF Belgium","robots":{"index":"index","follow":"follow","max-snippet":"max-snippet:-1","max-image-preview":"max-image-preview:large","max-video-preview":"max-video-preview:-1"},"canonical":"https:\/\/www.defbelgium.be\/nl\/contact-def\/","og_locale":"nl_NL","og_type":"article","og_title":"CONTACT - DEF Belgium","og_description":"Of u nu een verkoop of project gerelateerde vraag heeft, interventie nodig heeft of een algemene vraag. Ons team staat klaar om al uw vragen te beantwoorden. Selecteer hieronder een onderwerp met betrekking tot uw vraag en vul ons contactformulier in. We nemen zo snel mogelijk contact met u op.","og_url":"https:\/\/www.defbelgium.be\/nl\/contact-def\/","og_site_name":"DEF Belgium","article_modified_time":"2021-03-22T08:12:12+00:00","twitter_card":"summary_large_image","schema":{"@context":"https:\/\/schema.org","@graph":[{"@type":"WebPage","@id":"https:\/\/www.defbelgium.be\/nl\/contact-def\/","url":"https:\/\/www.defbelgium.be\/nl\/contact-def\/","name":"CONTACT - DEF Belgium","isPartOf":{"@id":"https:\/\/www.defbelgium.be\/#website"},"datePublished":"2020-02-27T08:26:58+00:00","dateModified":"2021-03-22T08:12:12+00:00","breadcrumb":{"@id":"https:\/\/www.defbelgium.be\/nl\/contact-def\/#breadcrumb"},"inLanguage":"nl-NL","potentialAction":[{"@type":"ReadAction","target":["https:\/\/www.defbelgium.be\/nl\/contact-def\/"]}]},{"@type":"BreadcrumbList","@id":"https:\/\/www.defbelgium.be\/nl\/contact-def\/#breadcrumb","itemListElement":[{"@type":"ListItem","position":1,"name":"Home","item":"https:\/\/www.defbelgium.be\/"},{"@type":"ListItem","position":2,"name":"CONTACT"}]},{"@type":"WebSite","@id":"https:\/\/www.defbelgium.be\/#website","url":"https:\/\/www.defbelgium.be\/","name":"DEF Belgium","description":"Solutions et services pour Syst\u00e8mes de S\u00e9curit\u00e9","potentialAction":[{"@type":"SearchAction","target":{"@type":"EntryPoint","urlTemplate":"https:\/\/www.defbelgium.be\/?s={search_term_string}"},"query-input":{"@type":"PropertyValueSpecification","valueRequired":true,"valueName":"search_term_string"}}],"inLanguage":"nl-NL"}]}},"_links":{"self":[{"href":"https:\/\/www.defbelgium.be\/nl\/wp-json\/wp\/v2\/pages\/4569","targetHints":{"allow":["GET"]}}],"collection":[{"href":"https:\/\/www.defbelgium.be\/nl\/wp-json\/wp\/v2\/pages"}],"about":[{"href":"https:\/\/www.defbelgium.be\/nl\/wp-json\/wp\/v2\/types\/page"}],"author":[{"embeddable":true,"href":"https:\/\/www.defbelgium.be\/nl\/wp-json\/wp\/v2\/users\/4"}],"replies":[{"embeddable":true,"href":"https:\/\/www.defbelgium.be\/nl\/wp-json\/wp\/v2\/comments?post=4569"}],"version-history":[{"count":4,"href":"https:\/\/www.defbelgium.be\/nl\/wp-json\/wp\/v2\/pages\/4569\/revisions"}],"predecessor-version":[{"id":5681,"href":"https:\/\/www.defbelgium.be\/nl\/wp-json\/wp\/v2\/pages\/4569\/revisions\/5681"}],"wp:attachment":[{"href":"https:\/\/www.defbelgium.be\/nl\/wp-json\/wp\/v2\/media?parent=4569"}],"curies":[{"name":"wp","href":"https:\/\/api.w.org\/{rel}","templated":true}]}}