{"id":3244,"date":"2020-02-25T16:02:09","date_gmt":"2020-02-25T15:02:09","guid":{"rendered":"https:\/\/defbelgium.be\/?page_id=3244"},"modified":"2021-02-25T12:30:22","modified_gmt":"2021-02-25T11:30:22","slug":"career","status":"publish","type":"page","link":"https:\/\/www.defbelgium.be\/nl\/career\/","title":{"rendered":"Carri\u00e8re"},"content":{"rendered":"<p>DEF Belgium is het Belgisch filiaal van het DEF Network, \u00e9\u00e9n van de belangrijkste Europese fabrikanten in brandveiligheid. Onze core business is om op maat gemaakte oplossingen en services aan te bieden voor branddetectie, spraakgestuurde evacuatie, automatische blussystemen (gas en watermist) en IT beheersystemen.<\/p>\n<p>DE Belgium is opgericht in 1976 en dus 45 jaar actief op de Belgisiche markt. DEF Belgium is ook gecertificeerd als BOSEC en FiSQ installateur.<br \/>\nOns gepassioneerd team van deskundigen behandelen brandveiligheidsprojecten.<\/p>\n<p>Onze missie: het beschermen van onze klanten tegen brandrisico&#8217;s, het waarborgen van hun activiteiten en de veiligheid garanderen voor alle aanwezigen.<\/p>\n<p>DEF Belgium telt onder haar klanten grote namen uit de industrie, transport, telecommunicatie, ziekenhuizen, energie en overheden<\/p>\n","protected":false},"excerpt":{"rendered":"<p>DEF Belgium is het Belgisch filiaal van het DEF Network, \u00e9\u00e9n van de belangrijkste Europese fabrikanten in brandveiligheid. Onze core business is om op maat gemaakte oplossingen en services aan te bieden voor branddetectie, spraakgestuurde evacuatie, automatische blussystemen (gas en watermist) en IT beheersystemen. DE Belgium is opgericht in 1976 en dus 45 jaar actief [&hellip;]<\/p>\n","protected":false},"author":4,"featured_media":0,"parent":0,"menu_order":0,"comment_status":"closed","ping_status":"closed","template":"page-offers.php","meta":{"sfsi_plus_gutenberg_text_before_share":"","sfsi_plus_gutenberg_show_text_before_share":"","sfsi_plus_gutenberg_icon_type":"","sfsi_plus_gutenberg_icon_alignemt":"","sfsi_plus_gutenburg_max_per_row":"","footnotes":""},"class_list":["post-3244","page","type-page","status-publish","hentry"],"yoast_head":"<!-- This site is optimized with the Yoast SEO plugin v25.4 - https:\/\/yoast.com\/wordpress\/plugins\/seo\/ -->\n<title>Carri\u00e8re - DEF Belgium<\/title>\n<meta name=\"description\" content=\"DEF Belgium \u2013 D\u00e9couvrez toutes nos offres d\u2019emplois dans le domaine de la protection incendie. Notre entreprise de s\u00e9curit\u00e9 recrute toute l&#039;ann\u00e9e.\" \/>\n<meta name=\"robots\" content=\"index, follow, max-snippet:-1, max-image-preview:large, max-video-preview:-1\" \/>\n<link rel=\"canonical\" href=\"https:\/\/www.defbelgium.be\/nl\/career\/\" \/>\n<meta property=\"og:locale\" content=\"nl_NL\" \/>\n<meta property=\"og:type\" content=\"article\" \/>\n<meta property=\"og:title\" content=\"Carri\u00e8re - DEF Belgium\" \/>\n<meta property=\"og:description\" content=\"DEF Belgium \u2013 D\u00e9couvrez toutes nos offres d\u2019emplois dans le domaine de la protection incendie. Notre entreprise de s\u00e9curit\u00e9 recrute toute l&#039;ann\u00e9e.\" \/>\n<meta property=\"og:url\" content=\"https:\/\/www.defbelgium.be\/nl\/career\/\" \/>\n<meta property=\"og:site_name\" content=\"DEF Belgium\" \/>\n<meta property=\"article:modified_time\" content=\"2021-02-25T11:30:22+00:00\" \/>\n<meta name=\"twitter:card\" content=\"summary_large_image\" \/>\n<meta name=\"twitter:label1\" content=\"Geschatte leestijd\" \/>\n\t<meta name=\"twitter:data1\" content=\"1 minuut\" \/>\n<script type=\"application\/ld+json\" class=\"yoast-schema-graph\">{\"@context\":\"https:\/\/schema.org\",\"@graph\":[{\"@type\":\"WebPage\",\"@id\":\"https:\/\/www.defbelgium.be\/nl\/career\/\",\"url\":\"https:\/\/www.defbelgium.be\/nl\/career\/\",\"name\":\"Carri\u00e8re - DEF Belgium\",\"isPartOf\":{\"@id\":\"https:\/\/www.defbelgium.be\/#website\"},\"datePublished\":\"2020-02-25T15:02:09+00:00\",\"dateModified\":\"2021-02-25T11:30:22+00:00\",\"description\":\"DEF Belgium \u2013 D\u00e9couvrez toutes nos offres d\u2019emplois dans le domaine de la protection incendie. Notre entreprise de s\u00e9curit\u00e9 recrute toute l'ann\u00e9e.\",\"breadcrumb\":{\"@id\":\"https:\/\/www.defbelgium.be\/nl\/career\/#breadcrumb\"},\"inLanguage\":\"nl-NL\",\"potentialAction\":[{\"@type\":\"ReadAction\",\"target\":[\"https:\/\/www.defbelgium.be\/nl\/career\/\"]}]},{\"@type\":\"BreadcrumbList\",\"@id\":\"https:\/\/www.defbelgium.be\/nl\/career\/#breadcrumb\",\"itemListElement\":[{\"@type\":\"ListItem\",\"position\":1,\"name\":\"Home\",\"item\":\"https:\/\/www.defbelgium.be\/\"},{\"@type\":\"ListItem\",\"position\":2,\"name\":\"Carri\u00e8re\"}]},{\"@type\":\"WebSite\",\"@id\":\"https:\/\/www.defbelgium.be\/#website\",\"url\":\"https:\/\/www.defbelgium.be\/\",\"name\":\"DEF Belgium\",\"description\":\"Solutions et services pour Syst\u00e8mes de S\u00e9curit\u00e9\",\"potentialAction\":[{\"@type\":\"SearchAction\",\"target\":{\"@type\":\"EntryPoint\",\"urlTemplate\":\"https:\/\/www.defbelgium.be\/?s={search_term_string}\"},\"query-input\":{\"@type\":\"PropertyValueSpecification\",\"valueRequired\":true,\"valueName\":\"search_term_string\"}}],\"inLanguage\":\"nl-NL\"}]}<\/script>\n<!-- \/ Yoast SEO plugin. -->","yoast_head_json":{"title":"Carri\u00e8re - DEF Belgium","description":"DEF Belgium \u2013 D\u00e9couvrez toutes nos offres d\u2019emplois dans le domaine de la protection incendie. Notre entreprise de s\u00e9curit\u00e9 recrute toute l'ann\u00e9e.","robots":{"index":"index","follow":"follow","max-snippet":"max-snippet:-1","max-image-preview":"max-image-preview:large","max-video-preview":"max-video-preview:-1"},"canonical":"https:\/\/www.defbelgium.be\/nl\/career\/","og_locale":"nl_NL","og_type":"article","og_title":"Carri\u00e8re - DEF Belgium","og_description":"DEF Belgium \u2013 D\u00e9couvrez toutes nos offres d\u2019emplois dans le domaine de la protection incendie. Notre entreprise de s\u00e9curit\u00e9 recrute toute l'ann\u00e9e.","og_url":"https:\/\/www.defbelgium.be\/nl\/career\/","og_site_name":"DEF Belgium","article_modified_time":"2021-02-25T11:30:22+00:00","twitter_card":"summary_large_image","twitter_misc":{"Geschatte leestijd":"1 minuut"},"schema":{"@context":"https:\/\/schema.org","@graph":[{"@type":"WebPage","@id":"https:\/\/www.defbelgium.be\/nl\/career\/","url":"https:\/\/www.defbelgium.be\/nl\/career\/","name":"Carri\u00e8re - DEF Belgium","isPartOf":{"@id":"https:\/\/www.defbelgium.be\/#website"},"datePublished":"2020-02-25T15:02:09+00:00","dateModified":"2021-02-25T11:30:22+00:00","description":"DEF Belgium \u2013 D\u00e9couvrez toutes nos offres d\u2019emplois dans le domaine de la protection incendie. Notre entreprise de s\u00e9curit\u00e9 recrute toute l'ann\u00e9e.","breadcrumb":{"@id":"https:\/\/www.defbelgium.be\/nl\/career\/#breadcrumb"},"inLanguage":"nl-NL","potentialAction":[{"@type":"ReadAction","target":["https:\/\/www.defbelgium.be\/nl\/career\/"]}]},{"@type":"BreadcrumbList","@id":"https:\/\/www.defbelgium.be\/nl\/career\/#breadcrumb","itemListElement":[{"@type":"ListItem","position":1,"name":"Home","item":"https:\/\/www.defbelgium.be\/"},{"@type":"ListItem","position":2,"name":"Carri\u00e8re"}]},{"@type":"WebSite","@id":"https:\/\/www.defbelgium.be\/#website","url":"https:\/\/www.defbelgium.be\/","name":"DEF Belgium","description":"Solutions et services pour Syst\u00e8mes de S\u00e9curit\u00e9","potentialAction":[{"@type":"SearchAction","target":{"@type":"EntryPoint","urlTemplate":"https:\/\/www.defbelgium.be\/?s={search_term_string}"},"query-input":{"@type":"PropertyValueSpecification","valueRequired":true,"valueName":"search_term_string"}}],"inLanguage":"nl-NL"}]}},"_links":{"self":[{"href":"https:\/\/www.defbelgium.be\/nl\/wp-json\/wp\/v2\/pages\/3244","targetHints":{"allow":["GET"]}}],"collection":[{"href":"https:\/\/www.defbelgium.be\/nl\/wp-json\/wp\/v2\/pages"}],"about":[{"href":"https:\/\/www.defbelgium.be\/nl\/wp-json\/wp\/v2\/types\/page"}],"author":[{"embeddable":true,"href":"https:\/\/www.defbelgium.be\/nl\/wp-json\/wp\/v2\/users\/4"}],"replies":[{"embeddable":true,"href":"https:\/\/www.defbelgium.be\/nl\/wp-json\/wp\/v2\/comments?post=3244"}],"version-history":[{"count":4,"href":"https:\/\/www.defbelgium.be\/nl\/wp-json\/wp\/v2\/pages\/3244\/revisions"}],"predecessor-version":[{"id":6007,"href":"https:\/\/www.defbelgium.be\/nl\/wp-json\/wp\/v2\/pages\/3244\/revisions\/6007"}],"wp:attachment":[{"href":"https:\/\/www.defbelgium.be\/nl\/wp-json\/wp\/v2\/media?parent=3244"}],"curies":[{"name":"wp","href":"https:\/\/api.w.org\/{rel}","templated":true}]}}