{"id":3239,"date":"2020-02-25T15:59:38","date_gmt":"2020-02-25T14:59:38","guid":{"rendered":"https:\/\/defbelgium.be\/?page_id=3239"},"modified":"2020-02-25T15:59:38","modified_gmt":"2020-02-25T14:59:38","slug":"actualiteit","status":"publish","type":"page","link":"https:\/\/www.defbelgium.be\/nl\/actualiteit\/","title":{"rendered":"ACTUALITEIT"},"content":{"rendered":"","protected":false},"excerpt":{"rendered":"","protected":false},"author":4,"featured_media":0,"parent":0,"menu_order":0,"comment_status":"closed","ping_status":"closed","template":"page-blogs.php","meta":{"sfsi_plus_gutenberg_text_before_share":"","sfsi_plus_gutenberg_show_text_before_share":"","sfsi_plus_gutenberg_icon_type":"","sfsi_plus_gutenberg_icon_alignemt":"","sfsi_plus_gutenburg_max_per_row":"","footnotes":""},"class_list":["post-3239","page","type-page","status-publish","hentry"],"yoast_head":"<!-- This site is optimized with the Yoast SEO plugin v25.4 - https:\/\/yoast.com\/wordpress\/plugins\/seo\/ -->\n<title>ACTUALITEIT - DEF Belgium<\/title>\n<meta name=\"description\" content=\"Retrouvez l&#039;actualit\u00e9 li\u00e9e \u00e0 la s\u00e9curit\u00e9 incendie pour \u00eatre inform\u00e9 des nouveaut\u00e9s, des certificats, de notre pr\u00e9sence dans les salons de s\u00e9curit\u00e9 incendie.\" \/>\n<meta name=\"robots\" content=\"index, follow, max-snippet:-1, max-image-preview:large, max-video-preview:-1\" \/>\n<link rel=\"canonical\" href=\"https:\/\/www.defbelgium.be\/nl\/actualiteit\/\" \/>\n<meta property=\"og:locale\" content=\"nl_NL\" \/>\n<meta property=\"og:type\" content=\"article\" \/>\n<meta property=\"og:title\" content=\"ACTUALITEIT - DEF Belgium\" \/>\n<meta property=\"og:description\" content=\"Retrouvez l&#039;actualit\u00e9 li\u00e9e \u00e0 la s\u00e9curit\u00e9 incendie pour \u00eatre inform\u00e9 des nouveaut\u00e9s, des certificats, de notre pr\u00e9sence dans les salons de s\u00e9curit\u00e9 incendie.\" \/>\n<meta property=\"og:url\" content=\"https:\/\/www.defbelgium.be\/nl\/actualiteit\/\" \/>\n<meta property=\"og:site_name\" content=\"DEF Belgium\" \/>\n<meta name=\"twitter:card\" content=\"summary_large_image\" \/>\n<script type=\"application\/ld+json\" class=\"yoast-schema-graph\">{\"@context\":\"https:\/\/schema.org\",\"@graph\":[{\"@type\":\"WebPage\",\"@id\":\"https:\/\/www.defbelgium.be\/nl\/actualiteit\/\",\"url\":\"https:\/\/www.defbelgium.be\/nl\/actualiteit\/\",\"name\":\"ACTUALITEIT - DEF Belgium\",\"isPartOf\":{\"@id\":\"https:\/\/www.defbelgium.be\/#website\"},\"datePublished\":\"2020-02-25T14:59:38+00:00\",\"description\":\"Retrouvez l'actualit\u00e9 li\u00e9e \u00e0 la s\u00e9curit\u00e9 incendie pour \u00eatre inform\u00e9 des nouveaut\u00e9s, des certificats, de notre pr\u00e9sence dans les salons de s\u00e9curit\u00e9 incendie.\",\"breadcrumb\":{\"@id\":\"https:\/\/www.defbelgium.be\/nl\/actualiteit\/#breadcrumb\"},\"inLanguage\":\"nl-NL\",\"potentialAction\":[{\"@type\":\"ReadAction\",\"target\":[\"https:\/\/www.defbelgium.be\/nl\/actualiteit\/\"]}]},{\"@type\":\"BreadcrumbList\",\"@id\":\"https:\/\/www.defbelgium.be\/nl\/actualiteit\/#breadcrumb\",\"itemListElement\":[{\"@type\":\"ListItem\",\"position\":1,\"name\":\"Home\",\"item\":\"https:\/\/www.defbelgium.be\/\"},{\"@type\":\"ListItem\",\"position\":2,\"name\":\"ACTUALITEIT\"}]},{\"@type\":\"WebSite\",\"@id\":\"https:\/\/www.defbelgium.be\/#website\",\"url\":\"https:\/\/www.defbelgium.be\/\",\"name\":\"DEF Belgium\",\"description\":\"Solutions et services pour Syst\u00e8mes de S\u00e9curit\u00e9\",\"potentialAction\":[{\"@type\":\"SearchAction\",\"target\":{\"@type\":\"EntryPoint\",\"urlTemplate\":\"https:\/\/www.defbelgium.be\/?s={search_term_string}\"},\"query-input\":{\"@type\":\"PropertyValueSpecification\",\"valueRequired\":true,\"valueName\":\"search_term_string\"}}],\"inLanguage\":\"nl-NL\"}]}<\/script>\n<!-- \/ Yoast SEO plugin. -->","yoast_head_json":{"title":"ACTUALITEIT - DEF Belgium","description":"Retrouvez l'actualit\u00e9 li\u00e9e \u00e0 la s\u00e9curit\u00e9 incendie pour \u00eatre inform\u00e9 des nouveaut\u00e9s, des certificats, de notre pr\u00e9sence dans les salons de s\u00e9curit\u00e9 incendie.","robots":{"index":"index","follow":"follow","max-snippet":"max-snippet:-1","max-image-preview":"max-image-preview:large","max-video-preview":"max-video-preview:-1"},"canonical":"https:\/\/www.defbelgium.be\/nl\/actualiteit\/","og_locale":"nl_NL","og_type":"article","og_title":"ACTUALITEIT - DEF Belgium","og_description":"Retrouvez l'actualit\u00e9 li\u00e9e \u00e0 la s\u00e9curit\u00e9 incendie pour \u00eatre inform\u00e9 des nouveaut\u00e9s, des certificats, de notre pr\u00e9sence dans les salons de s\u00e9curit\u00e9 incendie.","og_url":"https:\/\/www.defbelgium.be\/nl\/actualiteit\/","og_site_name":"DEF Belgium","twitter_card":"summary_large_image","schema":{"@context":"https:\/\/schema.org","@graph":[{"@type":"WebPage","@id":"https:\/\/www.defbelgium.be\/nl\/actualiteit\/","url":"https:\/\/www.defbelgium.be\/nl\/actualiteit\/","name":"ACTUALITEIT - DEF Belgium","isPartOf":{"@id":"https:\/\/www.defbelgium.be\/#website"},"datePublished":"2020-02-25T14:59:38+00:00","description":"Retrouvez l'actualit\u00e9 li\u00e9e \u00e0 la s\u00e9curit\u00e9 incendie pour \u00eatre inform\u00e9 des nouveaut\u00e9s, des certificats, de notre pr\u00e9sence dans les salons de s\u00e9curit\u00e9 incendie.","breadcrumb":{"@id":"https:\/\/www.defbelgium.be\/nl\/actualiteit\/#breadcrumb"},"inLanguage":"nl-NL","potentialAction":[{"@type":"ReadAction","target":["https:\/\/www.defbelgium.be\/nl\/actualiteit\/"]}]},{"@type":"BreadcrumbList","@id":"https:\/\/www.defbelgium.be\/nl\/actualiteit\/#breadcrumb","itemListElement":[{"@type":"ListItem","position":1,"name":"Home","item":"https:\/\/www.defbelgium.be\/"},{"@type":"ListItem","position":2,"name":"ACTUALITEIT"}]},{"@type":"WebSite","@id":"https:\/\/www.defbelgium.be\/#website","url":"https:\/\/www.defbelgium.be\/","name":"DEF Belgium","description":"Solutions et services pour Syst\u00e8mes de S\u00e9curit\u00e9","potentialAction":[{"@type":"SearchAction","target":{"@type":"EntryPoint","urlTemplate":"https:\/\/www.defbelgium.be\/?s={search_term_string}"},"query-input":{"@type":"PropertyValueSpecification","valueRequired":true,"valueName":"search_term_string"}}],"inLanguage":"nl-NL"}]}},"_links":{"self":[{"href":"https:\/\/www.defbelgium.be\/nl\/wp-json\/wp\/v2\/pages\/3239","targetHints":{"allow":["GET"]}}],"collection":[{"href":"https:\/\/www.defbelgium.be\/nl\/wp-json\/wp\/v2\/pages"}],"about":[{"href":"https:\/\/www.defbelgium.be\/nl\/wp-json\/wp\/v2\/types\/page"}],"author":[{"embeddable":true,"href":"https:\/\/www.defbelgium.be\/nl\/wp-json\/wp\/v2\/users\/4"}],"replies":[{"embeddable":true,"href":"https:\/\/www.defbelgium.be\/nl\/wp-json\/wp\/v2\/comments?post=3239"}],"version-history":[{"count":1,"href":"https:\/\/www.defbelgium.be\/nl\/wp-json\/wp\/v2\/pages\/3239\/revisions"}],"predecessor-version":[{"id":3240,"href":"https:\/\/www.defbelgium.be\/nl\/wp-json\/wp\/v2\/pages\/3239\/revisions\/3240"}],"wp:attachment":[{"href":"https:\/\/www.defbelgium.be\/nl\/wp-json\/wp\/v2\/media?parent=3239"}],"curies":[{"name":"wp","href":"https:\/\/api.w.org\/{rel}","templated":true}]}}