{"id":3241,"date":"2020-02-25T16:00:37","date_gmt":"2020-02-25T15:00:37","guid":{"rendered":"https:\/\/defbelgium.be\/?page_id=3241"},"modified":"2020-03-03T13:07:36","modified_gmt":"2020-03-03T12:07:36","slug":"career","status":"publish","type":"page","link":"https:\/\/www.defbelgium.be\/en\/career\/","title":{"rendered":"CAREER"},"content":{"rendered":"<p>Dit is een test<\/p>\n","protected":false},"excerpt":{"rendered":"<p>Dit is een test<\/p>\n","protected":false},"author":4,"featured_media":0,"parent":0,"menu_order":0,"comment_status":"closed","ping_status":"closed","template":"page-offers.php","meta":{"sfsi_plus_gutenberg_text_before_share":"","sfsi_plus_gutenberg_show_text_before_share":"","sfsi_plus_gutenberg_icon_type":"","sfsi_plus_gutenberg_icon_alignemt":"","sfsi_plus_gutenburg_max_per_row":"","footnotes":""},"class_list":["post-3241","page","type-page","status-publish","hentry"],"yoast_head":"<!-- This site is optimized with the Yoast SEO plugin v25.4 - https:\/\/yoast.com\/wordpress\/plugins\/seo\/ -->\n<title>CAREER - DEF Belgium<\/title>\n<meta name=\"description\" content=\"DEF Belgium \u2013 D\u00e9couvrez toutes nos offres d\u2019emplois dans le domaine de la protection incendie. Notre entreprise de s\u00e9curit\u00e9 recrute toute l&#039;ann\u00e9e.\" \/>\n<meta name=\"robots\" content=\"index, follow, max-snippet:-1, max-image-preview:large, max-video-preview:-1\" \/>\n<link rel=\"canonical\" href=\"https:\/\/www.defbelgium.be\/en\/career\/\" \/>\n<meta property=\"og:locale\" content=\"en_US\" \/>\n<meta property=\"og:type\" content=\"article\" \/>\n<meta property=\"og:title\" content=\"CAREER - DEF Belgium\" \/>\n<meta property=\"og:description\" content=\"DEF Belgium \u2013 D\u00e9couvrez toutes nos offres d\u2019emplois dans le domaine de la protection incendie. Notre entreprise de s\u00e9curit\u00e9 recrute toute l&#039;ann\u00e9e.\" \/>\n<meta property=\"og:url\" content=\"https:\/\/www.defbelgium.be\/en\/career\/\" \/>\n<meta property=\"og:site_name\" content=\"DEF Belgium\" \/>\n<meta property=\"article:modified_time\" content=\"2020-03-03T12:07:36+00:00\" \/>\n<meta name=\"twitter:card\" content=\"summary_large_image\" \/>\n<script type=\"application\/ld+json\" class=\"yoast-schema-graph\">{\"@context\":\"https:\/\/schema.org\",\"@graph\":[{\"@type\":\"WebPage\",\"@id\":\"https:\/\/www.defbelgium.be\/en\/career\/\",\"url\":\"https:\/\/www.defbelgium.be\/en\/career\/\",\"name\":\"CAREER - DEF Belgium\",\"isPartOf\":{\"@id\":\"https:\/\/www.defbelgium.be\/#website\"},\"datePublished\":\"2020-02-25T15:00:37+00:00\",\"dateModified\":\"2020-03-03T12:07:36+00:00\",\"description\":\"DEF Belgium \u2013 D\u00e9couvrez toutes nos offres d\u2019emplois dans le domaine de la protection incendie. Notre entreprise de s\u00e9curit\u00e9 recrute toute l'ann\u00e9e.\",\"breadcrumb\":{\"@id\":\"https:\/\/www.defbelgium.be\/en\/career\/#breadcrumb\"},\"inLanguage\":\"en-US\",\"potentialAction\":[{\"@type\":\"ReadAction\",\"target\":[\"https:\/\/www.defbelgium.be\/en\/career\/\"]}]},{\"@type\":\"BreadcrumbList\",\"@id\":\"https:\/\/www.defbelgium.be\/en\/career\/#breadcrumb\",\"itemListElement\":[{\"@type\":\"ListItem\",\"position\":1,\"name\":\"Home\",\"item\":\"https:\/\/www.defbelgium.be\/\"},{\"@type\":\"ListItem\",\"position\":2,\"name\":\"CAREER\"}]},{\"@type\":\"WebSite\",\"@id\":\"https:\/\/www.defbelgium.be\/#website\",\"url\":\"https:\/\/www.defbelgium.be\/\",\"name\":\"DEF Belgium\",\"description\":\"Solutions et services pour Syst\u00e8mes de S\u00e9curit\u00e9\",\"potentialAction\":[{\"@type\":\"SearchAction\",\"target\":{\"@type\":\"EntryPoint\",\"urlTemplate\":\"https:\/\/www.defbelgium.be\/?s={search_term_string}\"},\"query-input\":{\"@type\":\"PropertyValueSpecification\",\"valueRequired\":true,\"valueName\":\"search_term_string\"}}],\"inLanguage\":\"en-US\"}]}<\/script>\n<!-- \/ Yoast SEO plugin. -->","yoast_head_json":{"title":"CAREER - DEF Belgium","description":"DEF Belgium \u2013 D\u00e9couvrez toutes nos offres d\u2019emplois dans le domaine de la protection incendie. Notre entreprise de s\u00e9curit\u00e9 recrute toute l'ann\u00e9e.","robots":{"index":"index","follow":"follow","max-snippet":"max-snippet:-1","max-image-preview":"max-image-preview:large","max-video-preview":"max-video-preview:-1"},"canonical":"https:\/\/www.defbelgium.be\/en\/career\/","og_locale":"en_US","og_type":"article","og_title":"CAREER - DEF Belgium","og_description":"DEF Belgium \u2013 D\u00e9couvrez toutes nos offres d\u2019emplois dans le domaine de la protection incendie. Notre entreprise de s\u00e9curit\u00e9 recrute toute l'ann\u00e9e.","og_url":"https:\/\/www.defbelgium.be\/en\/career\/","og_site_name":"DEF Belgium","article_modified_time":"2020-03-03T12:07:36+00:00","twitter_card":"summary_large_image","schema":{"@context":"https:\/\/schema.org","@graph":[{"@type":"WebPage","@id":"https:\/\/www.defbelgium.be\/en\/career\/","url":"https:\/\/www.defbelgium.be\/en\/career\/","name":"CAREER - DEF Belgium","isPartOf":{"@id":"https:\/\/www.defbelgium.be\/#website"},"datePublished":"2020-02-25T15:00:37+00:00","dateModified":"2020-03-03T12:07:36+00:00","description":"DEF Belgium \u2013 D\u00e9couvrez toutes nos offres d\u2019emplois dans le domaine de la protection incendie. Notre entreprise de s\u00e9curit\u00e9 recrute toute l'ann\u00e9e.","breadcrumb":{"@id":"https:\/\/www.defbelgium.be\/en\/career\/#breadcrumb"},"inLanguage":"en-US","potentialAction":[{"@type":"ReadAction","target":["https:\/\/www.defbelgium.be\/en\/career\/"]}]},{"@type":"BreadcrumbList","@id":"https:\/\/www.defbelgium.be\/en\/career\/#breadcrumb","itemListElement":[{"@type":"ListItem","position":1,"name":"Home","item":"https:\/\/www.defbelgium.be\/"},{"@type":"ListItem","position":2,"name":"CAREER"}]},{"@type":"WebSite","@id":"https:\/\/www.defbelgium.be\/#website","url":"https:\/\/www.defbelgium.be\/","name":"DEF Belgium","description":"Solutions et services pour Syst\u00e8mes de S\u00e9curit\u00e9","potentialAction":[{"@type":"SearchAction","target":{"@type":"EntryPoint","urlTemplate":"https:\/\/www.defbelgium.be\/?s={search_term_string}"},"query-input":{"@type":"PropertyValueSpecification","valueRequired":true,"valueName":"search_term_string"}}],"inLanguage":"en-US"}]}},"_links":{"self":[{"href":"https:\/\/www.defbelgium.be\/en\/wp-json\/wp\/v2\/pages\/3241","targetHints":{"allow":["GET"]}}],"collection":[{"href":"https:\/\/www.defbelgium.be\/en\/wp-json\/wp\/v2\/pages"}],"about":[{"href":"https:\/\/www.defbelgium.be\/en\/wp-json\/wp\/v2\/types\/page"}],"author":[{"embeddable":true,"href":"https:\/\/www.defbelgium.be\/en\/wp-json\/wp\/v2\/users\/4"}],"replies":[{"embeddable":true,"href":"https:\/\/www.defbelgium.be\/en\/wp-json\/wp\/v2\/comments?post=3241"}],"version-history":[{"count":4,"href":"https:\/\/www.defbelgium.be\/en\/wp-json\/wp\/v2\/pages\/3241\/revisions"}],"predecessor-version":[{"id":4595,"href":"https:\/\/www.defbelgium.be\/en\/wp-json\/wp\/v2\/pages\/3241\/revisions\/4595"}],"wp:attachment":[{"href":"https:\/\/www.defbelgium.be\/en\/wp-json\/wp\/v2\/media?parent=3241"}],"curies":[{"name":"wp","href":"https:\/\/api.w.org\/{rel}","templated":true}]}}